{"id":879,"date":"2023-12-22T19:17:00","date_gmt":"2023-12-23T00:17:00","guid":{"rendered":"https:\/\/mimercadoya.com\/heladosya\/?post_type=product&#038;p=879"},"modified":"2024-03-12T07:58:43","modified_gmt":"2024-03-12T11:58:43","slug":"cerveza-bucanero-24-unidades","status":"publish","type":"product","link":"https:\/\/mimercadoya.com\/heladosya\/producto\/cerveza-bucanero-24-unidades\/","title":{"rendered":"Cerveza Bucanero (24 unidades)"},"content":{"rendered":"<p>Disfruta de la aut\u00e9ntica cerveza cubana en la comodidad de tu hogar. No pierdas la oportunidad de probar el sabor \u00fanico y refrescante de la <strong>Cerveza Bucanero<\/strong>, elaborada con los mejores ingredientes y siguiendo una tradici\u00f3n centenaria.<\/p>\n<p>&nbsp;<\/p>\n","protected":false},"excerpt":{"rendered":"<p>Cada caja de <strong>Cerveza Bucanero<\/strong> contiene 24 unidades, para que puedas compartir con tus amigos y familiares. Cada lata est\u00e1 llena de la aut\u00e9ntica esencia de la cerveza cubana, elaborada con los mejores ingredientes y siguiendo una tradici\u00f3n centenaria.<\/p>\n","protected":false},"featured_media":881,"template":"","meta":[],"product_cat":[59],"product_tag":[],"class_list":{"0":"post-879","1":"product","2":"type-product","3":"status-publish","4":"has-post-thumbnail","6":"product_cat-bebidas","8":"first","9":"outofstock","10":"shipping-taxable","11":"purchasable","12":"product-type-simple"},"jetpack_sharing_enabled":true,"_links":{"self":[{"href":"https:\/\/mimercadoya.com\/heladosya\/wp-json\/wp\/v2\/product\/879","targetHints":{"allow":["GET"]}}],"collection":[{"href":"https:\/\/mimercadoya.com\/heladosya\/wp-json\/wp\/v2\/product"}],"about":[{"href":"https:\/\/mimercadoya.com\/heladosya\/wp-json\/wp\/v2\/types\/product"}],"wp:featuredmedia":[{"embeddable":true,"href":"https:\/\/mimercadoya.com\/heladosya\/wp-json\/wp\/v2\/media\/881"}],"wp:attachment":[{"href":"https:\/\/mimercadoya.com\/heladosya\/wp-json\/wp\/v2\/media?parent=879"}],"wp:term":[{"taxonomy":"product_cat","embeddable":true,"href":"https:\/\/mimercadoya.com\/heladosya\/wp-json\/wp\/v2\/product_cat?post=879"},{"taxonomy":"product_tag","embeddable":true,"href":"https:\/\/mimercadoya.com\/heladosya\/wp-json\/wp\/v2\/product_tag?post=879"}],"curies":[{"name":"wp","href":"https:\/\/api.w.org\/{rel}","templated":true}]}}