{"id":703,"date":"2023-10-11T18:38:00","date_gmt":"2023-10-11T16:38:00","guid":{"rendered":"https:\/\/mimercadoya.com\/heladosya\/producto\/cerveza-cristal-24-unidades\/"},"modified":"2024-04-30T08:55:01","modified_gmt":"2024-04-30T12:55:01","slug":"cerveza-cristal-24-unidades","status":"publish","type":"product","link":"https:\/\/mimercadoya.com\/heladosya\/producto\/cerveza-cristal-24-unidades\/","title":{"rendered":"Cerveza Cristal (24 unidades)"},"content":{"rendered":"<p>Descubre la <strong>Cerveza Cristal<\/strong>, una bebida refrescante y deliciosa que te transportar\u00e1 a momentos de alegr\u00eda y diversi\u00f3n. Con su sabor \u00fanico y equilibrado, esta cerveza es perfecta para disfrutar en cualquier ocasi\u00f3n.<\/p>\n<p>&nbsp;<\/p>\n","protected":false},"excerpt":{"rendered":"<p>Cada caja de <strong>Cerveza Cristal<\/strong> contiene 24 unidades, para que puedas compartir con tus amigos y familiares. Su presentaci\u00f3n en caja garantiza la frescura y calidad de cada lata, para que puedas disfrutar de su sabor incomparable en cada sorbo.<\/p>\n","protected":false},"featured_media":702,"template":"","meta":[],"product_cat":[59],"product_tag":[],"class_list":{"0":"post-703","1":"product","2":"type-product","3":"status-publish","4":"has-post-thumbnail","6":"product_cat-bebidas","8":"first","9":"outofstock","10":"shipping-taxable","11":"purchasable","12":"product-type-simple"},"jetpack_sharing_enabled":true,"_links":{"self":[{"href":"https:\/\/mimercadoya.com\/heladosya\/wp-json\/wp\/v2\/product\/703","targetHints":{"allow":["GET"]}}],"collection":[{"href":"https:\/\/mimercadoya.com\/heladosya\/wp-json\/wp\/v2\/product"}],"about":[{"href":"https:\/\/mimercadoya.com\/heladosya\/wp-json\/wp\/v2\/types\/product"}],"wp:featuredmedia":[{"embeddable":true,"href":"https:\/\/mimercadoya.com\/heladosya\/wp-json\/wp\/v2\/media\/702"}],"wp:attachment":[{"href":"https:\/\/mimercadoya.com\/heladosya\/wp-json\/wp\/v2\/media?parent=703"}],"wp:term":[{"taxonomy":"product_cat","embeddable":true,"href":"https:\/\/mimercadoya.com\/heladosya\/wp-json\/wp\/v2\/product_cat?post=703"},{"taxonomy":"product_tag","embeddable":true,"href":"https:\/\/mimercadoya.com\/heladosya\/wp-json\/wp\/v2\/product_tag?post=703"}],"curies":[{"name":"wp","href":"https:\/\/api.w.org\/{rel}","templated":true}]}}