{"id":277,"date":"2023-08-28T21:53:15","date_gmt":"2023-08-28T19:53:15","guid":{"rendered":"https:\/\/themegenix.net\/wp\/suxnix\/?page_id=12"},"modified":"2023-08-28T21:53:15","modified_gmt":"2023-08-28T19:53:15","slug":"refund_returns","status":"publish","type":"page","link":"https:\/\/mimercadoya.com\/electrodomesticos\/refund_returns\/","title":{"rendered":"Pol\u00edtica de devoluciones"},"content":{"rendered":"<p><b>Devoluciones de saldo al comprador:<\/b>\u00a0Las devoluciones realizadas llevan un recargo del 6.5%, descontado del monto total a devolver. Tales devoluciones se realizar\u00e1n por diferentes causas imputables al comprador o al beneficiario del servicio, tales como:<\/p>\r\n<ul>\r\n<li>Errores en la informaci\u00f3n suministrada por el comprador (reclamados antes de la ejecuci\u00f3n del servicio)<\/li>\r\n<li>Solicitud de cancelaci\u00f3n del servicio por parte del comprador previo a la ejecuci\u00f3n del servicio<\/li>\r\n<li>No aceptaci\u00f3n del servicio por parte del beneficiario<\/li>\r\n<li>Excederse en el plazo de ejecuci\u00f3n del servicio por razones imputables al destinatario<\/li>\r\n<\/ul>","protected":false},"excerpt":{"rendered":"<p>Devoluciones de saldo al comprador:\u00a0Las devoluciones realizadas llevan un recargo del 6.5%, descontado del monto total a devolver. Tales devoluciones se realizar\u00e1n por diferentes causas imputables al comprador o al beneficiario del servicio, tales como: Errores en la informaci\u00f3n suministrada por el comprador (reclamados antes de la ejecuci\u00f3n del servicio) Solicitud de cancelaci\u00f3n del servicio [&hellip;]<\/p>\n","protected":false},"author":1,"featured_media":0,"parent":0,"menu_order":0,"comment_status":"closed","ping_status":"closed","template":"","meta":{"_acf_changed":false,"footnotes":""},"class_list":["post-277","page","type-page","status-publish","hentry"],"acf":[],"jetpack_sharing_enabled":true,"_links":{"self":[{"href":"https:\/\/mimercadoya.com\/electrodomesticos\/wp-json\/wp\/v2\/pages\/277","targetHints":{"allow":["GET"]}}],"collection":[{"href":"https:\/\/mimercadoya.com\/electrodomesticos\/wp-json\/wp\/v2\/pages"}],"about":[{"href":"https:\/\/mimercadoya.com\/electrodomesticos\/wp-json\/wp\/v2\/types\/page"}],"author":[{"embeddable":true,"href":"https:\/\/mimercadoya.com\/electrodomesticos\/wp-json\/wp\/v2\/users\/1"}],"replies":[{"embeddable":true,"href":"https:\/\/mimercadoya.com\/electrodomesticos\/wp-json\/wp\/v2\/comments?post=277"}],"version-history":[{"count":1,"href":"https:\/\/mimercadoya.com\/electrodomesticos\/wp-json\/wp\/v2\/pages\/277\/revisions"}],"predecessor-version":[{"id":601,"href":"https:\/\/mimercadoya.com\/electrodomesticos\/wp-json\/wp\/v2\/pages\/277\/revisions\/601"}],"wp:attachment":[{"href":"https:\/\/mimercadoya.com\/electrodomesticos\/wp-json\/wp\/v2\/media?parent=277"}],"curies":[{"name":"wp","href":"https:\/\/api.w.org\/{rel}","templated":true}]}}